{"id":484,"date":"2024-01-26T10:06:31","date_gmt":"2024-01-26T10:06:31","guid":{"rendered":"https:\/\/budget-box.ch\/avviso-legale\/"},"modified":"2024-01-31T17:54:19","modified_gmt":"2024-01-31T17:54:19","slug":"avviso-legale","status":"publish","type":"page","link":"https:\/\/budget-box.ch\/it\/avviso-legale\/","title":{"rendered":"Avviso legale"},"content":{"rendered":"\n<div class=\"wp-block-columns is-layout-flex wp-container-core-columns-layout-2 wp-block-columns-is-layout-flex\">\n<div class=\"wp-block-column is-layout-flow wp-block-column-is-layout-flow\">\n<div class=\"wp-block-columns global-width is-layout-flex wp-container-core-columns-layout-1 wp-block-columns-is-layout-flex\">\n<div class=\"wp-block-column is-layout-flow wp-block-column-is-layout-flow\">\n<h1 class=\"wp-block-heading has-text-align-left\" style=\"font-size:42px\">Avviso legale<\/h1>\n\n\n\n<ol>\n<li><strong>Identificazione dell&#8217;editore del sito<\/strong><br\/><br\/>BudgetBox SA<br\/>Chemin de la Veyre d\u2019en Haut B6, 1806 Saint-L\u00e9gier La Chi\u00e9saz<br\/>021\/943.21.13<br\/>info@budget-box.ch<br\/>CHE-138.193.497<br\/><br\/><\/li>\n\n\n\n<li><strong>Protezione dei dati personali<\/strong>\n<ol>\n<li>Descrizione dei dati personali raccolti :<br\/><br\/>Quando ci contatti tramite i nostri indirizzi e canali di contatto (ad esempio tramite e-mail, telefono o modulo di contatto), i tuoi dati personali vengono trattati. I dati trattati sono quelli che ci hai messo a disposizione, come ad esempio la tua qualifica, il tuo nome, il tuo indirizzo e-mail, il tuo indirizzo postale e il tuo numero di telefono, nonch\u00e9 la tua richiesta (in particolare il sito interessato, la categoria di domanda, comunicazione). Inoltre viene documentata l&#8217;ora di ricezione della richiesta. I dati obbligatori sono contrassegnati con un asterisco (*) nei moduli di contatto.<br\/><br\/><\/li>\n\n\n\n<li>Scopo della raccolta dei dati :<br\/><br\/>Elaboriamo questi dati per rispondere alla tua richiesta (ad esempio, per fornirti informazioni sui nostri prodotti e servizi, per assisterti nell&#8217;esecuzione di un contratto, per tenere conto dei tuoi commenti per migliorare i nostri prodotti e servizi, ecc. ).<br\/><br\/>Utilizziamo i servizi di analisi web menzionati di seguito allo scopo di progettare su misura e ottimizzare continuamente il nostro sito web. In questo contesto vengono utilizzati i cookie. Le informazioni generate dal cookie sull&#8217;utilizzo di questo sito web vengono solitamente trasmesse a un server del fornitore di servizi, dove vengono archiviate ed elaborate.<br\/><br\/>Il trattamento dei dati ci consente di ottenere, tra le altre cose, le seguenti informazioni :<br\/>&#8211; Percorso di navigazione effettuato da un visitatore nel sito (compresi i contenuti consultati ed i prodotti selezionati o acquistati o i servizi riservati);<br\/>&#8211; Tempo trascorso sul sito o sottopagina;<br\/>&#8211; Sottopagina in cui il visitatore lascia il sito web;<br\/>&#8211; Paese, regione o citt\u00e0 da cui proviene l&#8217;accesso;<br\/>&#8211; Terminale (tipologia, versione, profondit\u00e0 colore, risoluzione, larghezza e altezza della finestra del browser); E<br\/>&#8211; Ritorno o nuovi visitatori.<br\/><br\/>Per nostro conto, il fornitore utilizzer\u00e0 queste informazioni per valutare l&#8217;utilizzo del sito web, in particolare per compilare report sulle attivit\u00e0 del sito web e per fornire altri servizi relativi all&#8217;utilizzo del sito web e di Internet per scopi di ricerca di mercato e progettazione. di questi siti web in base alle esigenze.<br\/><br\/>Potete revocare il vostro consenso o opporvi al trattamento in qualsiasi momento rifiutando o disattivando i relativi cookie nelle impostazioni del vostro browser web o avvalendovi delle possibilit\u00e0 specifiche del servizio descritte di seguito.<br\/><br\/><\/li>\n<\/ol>\n<\/li>\n\n\n\n<li><strong>Periodo di conservazione dei dati.<\/strong><br\/><br\/>Conserviamo i dati personali solo per il tempo necessario a svolgere il trattamento spiegato nella presente dichiarazione sulla protezione dei dati nell&#8217;ambito del nostro legittimo interesse. Per i dati contrattuali la conservazione \u00e8 prescritta dagli obblighi di conservazione previsti dalla legge. I requisiti per la memorizzazione dei dati derivano dalle normative contabili e fiscali. Secondo tali disposizioni le comunicazioni commerciali, i contratti stipulati ed i documenti contabili devono essere conservati fino a 10 anni. Se non avremo pi\u00f9 bisogno di questi dati per fornirti i servizi, verranno bloccati. Ci\u00f2 significa che i dati potranno essere utilizzati solo se ci\u00f2 \u00e8 necessario per adempiere agli obblighi di conservazione o per difendere e far valere i nostri interessi legali. I dati vengono cancellati non appena non sussiste pi\u00f9 l\u2019obbligo di conservarli o un interesse legittimo alla loro conservazione.<br\/><\/li>\n<\/ol>\n\n\n\n<div style=\"height:40px\" aria-hidden=\"true\" class=\"wp-block-spacer\"><\/div>\n\n\n\n<h2 class=\"wp-block-heading\">Hosting del sito<\/h2>\n\n\n\n<p><strong> Azienda :<\/strong> Vikings Technologies<\/p>\n\n\n\n<p><strong>Indirizzo Web :<\/strong> <a href=\"https:\/\/www.les-vikings.fr\/\" target=\"_blank\" rel=\"noreferrer noopener\">les-vikings.fr<\/a><\/p>\n\n\n\n<p><strong>Indirizzo :<\/strong> 153 route de Vourles 69230 Saint-Genis-Laval FRANCE<\/p>\n\n\n\n<p><strong> Telefono :<\/strong> +33 4 28 29 06 21<\/p>\n\n\n\n<p><strong> Indirizzo elettronico (e-mail) :<\/strong> <a href=\"mailto:support@les-vikings.fr\">support@les-vikings.fr<\/a><\/p>\n\n\n\n<p><strong> Iscritta all&#8217;RCS sotto SIREN :<\/strong> 820723401<\/p>\n\n\n\n<p><strong>SIRET :<\/strong> 82072340100015<\/p>\n\n\n\n<p><strong>Codice APE :<\/strong> 6201Z<\/p>\n\n\n\n<p><strong>Partita IVA individuale :<\/strong> FR09820723401<\/p>\n<\/div>\n<\/div>\n<\/div>\n<\/div>\n\n<div style=\"height:40px\" aria-hidden=\"true\" class=\"wp-block-spacer\"><\/div>\n","protected":false},"excerpt":{"rendered":"<p>Avviso legale Hosting del sito Azienda : Vikings Technologies Indirizzo Web : les-vikings.fr Indirizzo : 153 route de Vourles 69230 Saint-Genis-Laval FRANCE Telefono : +33 4 28 29 06 21 Indirizzo elettronico (e-mail) : support@les-vikings.fr Iscritta all&#8217;RCS sotto SIREN : 820723401 SIRET : 82072340100015 Codice APE : 6201Z Partita IVA individuale : FR09820723401<\/p>\n","protected":false},"author":1,"featured_media":0,"parent":0,"menu_order":0,"comment_status":"closed","ping_status":"closed","template":"","meta":{"_acf_changed":false,"footnotes":""},"acf":[],"yoast_head":"<!-- This site is optimized with the Yoast SEO plugin v20.13 - https:\/\/yoast.com\/wordpress\/plugins\/seo\/ -->\n<title>Avviso legale - Budget Box<\/title>\n<meta name=\"robots\" content=\"index, follow, max-snippet:-1, max-image-preview:large, max-video-preview:-1\" \/>\n<link rel=\"canonical\" href=\"https:\/\/cli-budget-box.tilvalhall.fr\/it\/avviso-legale\/\" \/>\n<meta property=\"og:locale\" content=\"it_IT\" \/>\n<meta property=\"og:type\" content=\"article\" \/>\n<meta property=\"og:title\" content=\"Avviso legale - Budget Box\" \/>\n<meta property=\"og:description\" content=\"Avviso legale Hosting del sito Azienda : Vikings Technologies Indirizzo Web : les-vikings.fr Indirizzo : 153 route de Vourles 69230 Saint-Genis-Laval FRANCE Telefono : +33 4 28 29 06 21 Indirizzo elettronico (e-mail) : support@les-vikings.fr Iscritta all&#8217;RCS sotto SIREN : 820723401 SIRET : 82072340100015 Codice APE : 6201Z Partita IVA individuale : FR09820723401\" \/>\n<meta property=\"og:url\" content=\"https:\/\/cli-budget-box.tilvalhall.fr\/it\/avviso-legale\/\" \/>\n<meta property=\"og:site_name\" content=\"Budget Box\" \/>\n<meta property=\"article:modified_time\" content=\"2024-01-31T17:54:19+00:00\" \/>\n<meta name=\"twitter:card\" content=\"summary_large_image\" \/>\n<meta name=\"twitter:label1\" content=\"Est. reading time\" \/>\n\t<meta name=\"twitter:data1\" content=\"3 minutes\" \/>\n<script type=\"application\/ld+json\" class=\"yoast-schema-graph\">{\"@context\":\"https:\/\/schema.org\",\"@graph\":[{\"@type\":\"WebPage\",\"@id\":\"https:\/\/cli-budget-box.tilvalhall.fr\/it\/avviso-legale\/\",\"url\":\"https:\/\/cli-budget-box.tilvalhall.fr\/it\/avviso-legale\/\",\"name\":\"Avviso legale - Budget Box\",\"isPartOf\":{\"@id\":\"https:\/\/budget-box.ch\/#website\"},\"datePublished\":\"2024-01-26T10:06:31+00:00\",\"dateModified\":\"2024-01-31T17:54:19+00:00\",\"breadcrumb\":{\"@id\":\"https:\/\/cli-budget-box.tilvalhall.fr\/it\/avviso-legale\/#breadcrumb\"},\"inLanguage\":\"it-IT\",\"potentialAction\":[{\"@type\":\"ReadAction\",\"target\":[\"https:\/\/cli-budget-box.tilvalhall.fr\/it\/avviso-legale\/\"]}]},{\"@type\":\"BreadcrumbList\",\"@id\":\"https:\/\/cli-budget-box.tilvalhall.fr\/it\/avviso-legale\/#breadcrumb\",\"itemListElement\":[{\"@type\":\"ListItem\",\"position\":1,\"name\":\"Accueil\",\"item\":\"https:\/\/cli-budget-box.tilvalhall.fr\/it\/\"},{\"@type\":\"ListItem\",\"position\":2,\"name\":\"Avviso legale\"}]},{\"@type\":\"WebSite\",\"@id\":\"https:\/\/budget-box.ch\/#website\",\"url\":\"https:\/\/budget-box.ch\/\",\"name\":\"Budget Box\",\"description\":\"Location de garde meuble en libre acc\u00e8s. Id\u00e9alement situ\u00e9 et abordable, d\u00e8s 58 CHF\/mois\",\"publisher\":{\"@id\":\"https:\/\/budget-box.ch\/#organization\"},\"potentialAction\":[{\"@type\":\"SearchAction\",\"target\":{\"@type\":\"EntryPoint\",\"urlTemplate\":\"https:\/\/budget-box.ch\/?s={search_term_string}\"},\"query-input\":\"required name=search_term_string\"}],\"inLanguage\":\"it-IT\"},{\"@type\":\"Organization\",\"@id\":\"https:\/\/budget-box.ch\/#organization\",\"name\":\"Budget Box\",\"url\":\"https:\/\/budget-box.ch\/\",\"logo\":{\"@type\":\"ImageObject\",\"inLanguage\":\"it-IT\",\"@id\":\"https:\/\/budget-box.ch\/#\/schema\/logo\/image\/\",\"url\":\"https:\/\/budget-box.ch\/app\/uploads\/2024\/01\/BB_HORIZONTAL_IT.png\",\"contentUrl\":\"https:\/\/budget-box.ch\/app\/uploads\/2024\/01\/BB_HORIZONTAL_IT.png\",\"width\":2107,\"height\":425,\"caption\":\"Budget Box\"},\"image\":{\"@id\":\"https:\/\/budget-box.ch\/#\/schema\/logo\/image\/\"}}]}<\/script>\n<!-- \/ Yoast SEO plugin. -->","yoast_head_json":{"title":"Avviso legale - Budget Box","robots":{"index":"index","follow":"follow","max-snippet":"max-snippet:-1","max-image-preview":"max-image-preview:large","max-video-preview":"max-video-preview:-1"},"canonical":"https:\/\/cli-budget-box.tilvalhall.fr\/it\/avviso-legale\/","og_locale":"it_IT","og_type":"article","og_title":"Avviso legale - Budget Box","og_description":"Avviso legale Hosting del sito Azienda : Vikings Technologies Indirizzo Web : les-vikings.fr Indirizzo : 153 route de Vourles 69230 Saint-Genis-Laval FRANCE Telefono : +33 4 28 29 06 21 Indirizzo elettronico (e-mail) : support@les-vikings.fr Iscritta all&#8217;RCS sotto SIREN : 820723401 SIRET : 82072340100015 Codice APE : 6201Z Partita IVA individuale : FR09820723401","og_url":"https:\/\/cli-budget-box.tilvalhall.fr\/it\/avviso-legale\/","og_site_name":"Budget Box","article_modified_time":"2024-01-31T17:54:19+00:00","twitter_card":"summary_large_image","twitter_misc":{"Est. reading time":"3 minutes"},"schema":{"@context":"https:\/\/schema.org","@graph":[{"@type":"WebPage","@id":"https:\/\/cli-budget-box.tilvalhall.fr\/it\/avviso-legale\/","url":"https:\/\/cli-budget-box.tilvalhall.fr\/it\/avviso-legale\/","name":"Avviso legale - Budget Box","isPartOf":{"@id":"https:\/\/budget-box.ch\/#website"},"datePublished":"2024-01-26T10:06:31+00:00","dateModified":"2024-01-31T17:54:19+00:00","breadcrumb":{"@id":"https:\/\/cli-budget-box.tilvalhall.fr\/it\/avviso-legale\/#breadcrumb"},"inLanguage":"it-IT","potentialAction":[{"@type":"ReadAction","target":["https:\/\/cli-budget-box.tilvalhall.fr\/it\/avviso-legale\/"]}]},{"@type":"BreadcrumbList","@id":"https:\/\/cli-budget-box.tilvalhall.fr\/it\/avviso-legale\/#breadcrumb","itemListElement":[{"@type":"ListItem","position":1,"name":"Accueil","item":"https:\/\/cli-budget-box.tilvalhall.fr\/it\/"},{"@type":"ListItem","position":2,"name":"Avviso legale"}]},{"@type":"WebSite","@id":"https:\/\/budget-box.ch\/#website","url":"https:\/\/budget-box.ch\/","name":"Budget Box","description":"Location de garde meuble en libre acc\u00e8s. Id\u00e9alement situ\u00e9 et abordable, d\u00e8s 58 CHF\/mois","publisher":{"@id":"https:\/\/budget-box.ch\/#organization"},"potentialAction":[{"@type":"SearchAction","target":{"@type":"EntryPoint","urlTemplate":"https:\/\/budget-box.ch\/?s={search_term_string}"},"query-input":"required name=search_term_string"}],"inLanguage":"it-IT"},{"@type":"Organization","@id":"https:\/\/budget-box.ch\/#organization","name":"Budget Box","url":"https:\/\/budget-box.ch\/","logo":{"@type":"ImageObject","inLanguage":"it-IT","@id":"https:\/\/budget-box.ch\/#\/schema\/logo\/image\/","url":"https:\/\/budget-box.ch\/app\/uploads\/2024\/01\/BB_HORIZONTAL_IT.png","contentUrl":"https:\/\/budget-box.ch\/app\/uploads\/2024\/01\/BB_HORIZONTAL_IT.png","width":2107,"height":425,"caption":"Budget Box"},"image":{"@id":"https:\/\/budget-box.ch\/#\/schema\/logo\/image\/"}}]}},"_links":{"self":[{"href":"https:\/\/budget-box.ch\/it\/wp-json\/wp\/v2\/pages\/484"}],"collection":[{"href":"https:\/\/budget-box.ch\/it\/wp-json\/wp\/v2\/pages"}],"about":[{"href":"https:\/\/budget-box.ch\/it\/wp-json\/wp\/v2\/types\/page"}],"author":[{"embeddable":true,"href":"https:\/\/budget-box.ch\/it\/wp-json\/wp\/v2\/users\/1"}],"replies":[{"embeddable":true,"href":"https:\/\/budget-box.ch\/it\/wp-json\/wp\/v2\/comments?post=484"}],"version-history":[{"count":2,"href":"https:\/\/budget-box.ch\/it\/wp-json\/wp\/v2\/pages\/484\/revisions"}],"predecessor-version":[{"id":568,"href":"https:\/\/budget-box.ch\/it\/wp-json\/wp\/v2\/pages\/484\/revisions\/568"}],"wp:attachment":[{"href":"https:\/\/budget-box.ch\/it\/wp-json\/wp\/v2\/media?parent=484"}],"curies":[{"name":"wp","href":"https:\/\/api.w.org\/{rel}","templated":true}]}}