{"id":382,"date":"2023-12-16T01:48:59","date_gmt":"2023-12-16T01:48:59","guid":{"rendered":"https:\/\/budget-box.ch\/contatto\/"},"modified":"2024-06-13T14:31:38","modified_gmt":"2024-06-13T14:31:38","slug":"contatto","status":"publish","type":"page","link":"https:\/\/budget-box.ch\/it\/contatto\/","title":{"rendered":"Contatto"},"content":{"rendered":"\n<div class=\"wp-block-columns introduction contact-intro is-layout-flex wp-container-core-columns-layout-2 wp-block-columns-is-layout-flex\">\n<div class=\"wp-block-column is-vertically-aligned-center text-column has-orange-background-color has-background is-layout-flow wp-block-column-is-layout-flow\" style=\"flex-basis:62%\">\n<div class=\"wp-block-columns are-vertically-aligned-top is-layout-flex wp-container-core-columns-layout-1 wp-block-columns-is-layout-flex\">\n<div class=\"wp-block-column is-vertically-aligned-top is-layout-flow wp-block-column-is-layout-flow\">\n<div style=\"height:60px\" aria-hidden=\"true\" class=\"wp-block-spacer\"><\/div>\n\n\n\n<h1 class=\"wp-block-heading has-white-color has-text-color has-link-color wp-elements-a4b77196543c038015adf7ee7b86580e\" style=\"font-size:85px\">Contatto<\/h1>\n\n\n\n<p class=\"has-white-color has-text-color has-link-color wp-elements-43e414e109935d6aa0b5aa1f35ce26c8\" style=\"font-size:24px\">Hai domande ?<\/p>\n\n\n\n<div style=\"height:60px\" aria-hidden=\"true\" class=\"wp-block-spacer\"><\/div>\n<\/div>\n<\/div>\n<\/div>\n\n\n\n<div class=\"wp-block-column image-column is-layout-flow wp-block-column-is-layout-flow\" style=\"flex-basis:38%\">\n<figure class=\"wp-block-image size-large intro-image\"><img decoding=\"async\" width=\"1024\" height=\"978\" src=\"https:\/\/budget-box.ch\/app\/uploads\/2024\/02\/1-Haut-de-page3-1024x978.jpg\" alt=\"\" class=\"wp-image-588\" srcset=\"https:\/\/budget-box.ch\/app\/uploads\/2024\/02\/1-Haut-de-page3-1024x978.jpg 1024w, https:\/\/budget-box.ch\/app\/uploads\/2024\/02\/1-Haut-de-page3-300x287.jpg 300w, https:\/\/budget-box.ch\/app\/uploads\/2024\/02\/1-Haut-de-page3-768x734.jpg 768w, https:\/\/budget-box.ch\/app\/uploads\/2024\/02\/1-Haut-de-page3-1536x1468.jpg 1536w, https:\/\/budget-box.ch\/app\/uploads\/2024\/02\/1-Haut-de-page3-2048x1957.jpg 2048w\" sizes=\"(max-width: 1024px) 100vw, 1024px\" \/><\/figure>\n<\/div>\n<\/div>\n\n\n\n<div style=\"height:100px\" aria-hidden=\"true\" class=\"wp-block-spacer\"><\/div>\n\n\n\n<div class=\"wp-block-columns contact-maps is-layout-flex wp-container-core-columns-layout-10 wp-block-columns-is-layout-flex\">\n<div class=\"wp-block-column is-layout-flow wp-block-column-is-layout-flow\">\n<div class=\"wp-block-columns global-width is-layout-flex wp-container-core-columns-layout-9 wp-block-columns-is-layout-flex\">\n<div class=\"wp-block-column is-layout-flow wp-block-column-is-layout-flow\">\n<figure class=\"wp-block-image is-resized aligncenter head-floating-icon\"><img decoding=\"async\" src=\"\/app\/themes\/budget-box\/assets\/images\/hello.png\" alt=\"Mano\" style=\"width:auto;height:120px\"\/><\/figure>\n\n\n\n<p class=\"has-text-align-center block-title has-dark-blue-color has-text-color has-link-color wp-elements-fc78ec98be4cbfb29db0d987b510e6d6\">Informazioni<\/p>\n\n\n\n<div class=\"wp-block-columns are-vertically-aligned-center is-layout-flex wp-container-core-columns-layout-8 wp-block-columns-is-layout-flex\">\n<div class=\"wp-block-column is-vertically-aligned-center is-layout-flow wp-block-column-is-layout-flow\">\n<div class=\"wp-block-columns single-block is-layout-flex wp-container-core-columns-layout-3 wp-block-columns-is-layout-flex\">\n<div class=\"wp-block-column is-layout-flow wp-block-column-is-layout-flow\" style=\"flex-basis:15%\">\n<figure class=\"wp-block-image size-full\"><img decoding=\"async\" width=\"288\" height=\"293\" src=\"https:\/\/budget-box.ch\/app\/uploads\/2023\/12\/FLECHE.png\" alt=\"\" class=\"wp-image-88\"\/><\/figure>\n<\/div>\n\n\n\n<div class=\"wp-block-column text-block is-layout-flow wp-block-column-is-layout-flow\" style=\"flex-basis:85%\">\n<p class=\"item-title has-dark-blue-color has-text-color has-link-color wp-elements-f1785eb1d0465a93a0ab66f79ee81f9b\">Indirizzo :<\/p>\n\n\n\n<p class=\"has-dark-blue-color has-text-color has-link-color wp-elements-99aa08a42f3e351c0f2a44e01991c42b\">Chemin de la Veyre d&#8217;en Haut B6<br>1806 Saint-L\u00e9gier<\/p>\n<\/div>\n<\/div>\n\n\n\n<div class=\"wp-block-columns single-block is-layout-flex wp-container-core-columns-layout-4 wp-block-columns-is-layout-flex\">\n<div class=\"wp-block-column is-layout-flow wp-block-column-is-layout-flow\" style=\"flex-basis:15%\">\n<figure class=\"wp-block-image size-large\"><img decoding=\"async\" width=\"1024\" height=\"894\" src=\"https:\/\/budget-box.ch\/app\/uploads\/2023\/12\/RECEPTION-1024x894.png\" alt=\"\" class=\"wp-image-42\" srcset=\"https:\/\/budget-box.ch\/app\/uploads\/2023\/12\/RECEPTION-1024x894.png 1024w, https:\/\/budget-box.ch\/app\/uploads\/2023\/12\/RECEPTION-300x262.png 300w, https:\/\/budget-box.ch\/app\/uploads\/2023\/12\/RECEPTION-768x670.png 768w, https:\/\/budget-box.ch\/app\/uploads\/2023\/12\/RECEPTION.png 1499w\" sizes=\"(max-width: 1024px) 100vw, 1024px\" \/><\/figure>\n<\/div>\n\n\n\n<div class=\"wp-block-column text-block is-layout-flow wp-block-column-is-layout-flow\" style=\"flex-basis:85%\">\n<p class=\"item-title has-dark-blue-color has-text-color has-link-color wp-elements-316027611dc319e21841297e12d8dfcd\">Accoglienza :<\/p>\n\n\n\n<p class=\"has-dark-blue-color has-text-color has-link-color wp-elements-3ef0359c8c72242d027d234a7eee0ee4\">Su appuntamento dal luned\u00ec al sabato<\/p>\n<\/div>\n<\/div>\n\n\n\n<div class=\"wp-block-columns single-block is-layout-flex wp-container-core-columns-layout-5 wp-block-columns-is-layout-flex\">\n<div class=\"wp-block-column is-layout-flow wp-block-column-is-layout-flow\" style=\"flex-basis:15%\">\n<figure class=\"wp-block-image size-full\"><img decoding=\"async\" width=\"318\" height=\"233\" src=\"https:\/\/budget-box.ch\/app\/uploads\/2023\/12\/PHONE2.png\" alt=\"\" class=\"wp-image-89\" srcset=\"https:\/\/budget-box.ch\/app\/uploads\/2023\/12\/PHONE2.png 318w, https:\/\/budget-box.ch\/app\/uploads\/2023\/12\/PHONE2-300x220.png 300w\" sizes=\"(max-width: 318px) 100vw, 318px\" \/><\/figure>\n<\/div>\n\n\n\n<div class=\"wp-block-column text-block is-layout-flow wp-block-column-is-layout-flow\" style=\"flex-basis:85%\">\n<p class=\"item-title has-dark-blue-color has-text-color has-link-color wp-elements-98a75b3f789fb3f9e25f8ee9d8b3236a\">Telefono :<\/p>\n\n\n\n<p class=\"has-dark-blue-color has-text-color has-link-color wp-elements-6797f74a2445bf3a1aaaf0bf2c13a7de\">Siamo disponibili dal luned\u00ec al venerd\u00ec dalle 9:30 alle 17:30 e il sabato dalle 13:00 alle 16:30 al numero 021\/943.21.13.<\/p>\n<\/div>\n<\/div>\n\n\n\n<div class=\"wp-block-columns single-block is-layout-flex wp-container-core-columns-layout-6 wp-block-columns-is-layout-flex\">\n<div class=\"wp-block-column is-layout-flow wp-block-column-is-layout-flow\" style=\"flex-basis:15%\">\n<figure class=\"wp-block-image size-full\"><img decoding=\"async\" width=\"287\" height=\"157\" src=\"https:\/\/budget-box.ch\/app\/uploads\/2023\/12\/7_7.png\" alt=\"\" class=\"wp-image-90\"\/><\/figure>\n<\/div>\n\n\n\n<div class=\"wp-block-column text-block is-layout-flow wp-block-column-is-layout-flow\" style=\"flex-basis:85%\">\n<p class=\"item-title has-dark-blue-color has-text-color has-link-color wp-elements-dba7478157d2927c30907d80e6a9e429\">Accesso 7 giorni su 7<\/p>\n\n\n\n<p class=\"has-dark-blue-color has-text-color has-link-color wp-elements-7f503fb70965afd322383e0b1becdf45\">Accesso dei clienti 7 giorni su 7<\/p>\n<\/div>\n<\/div>\n\n\n\n<div class=\"wp-block-columns single-block is-layout-flex wp-container-core-columns-layout-7 wp-block-columns-is-layout-flex\">\n<div class=\"wp-block-column is-layout-flow wp-block-column-is-layout-flow\" style=\"flex-basis:15%\">\n<figure class=\"wp-block-image size-large\"><img decoding=\"async\" width=\"1024\" height=\"701\" src=\"https:\/\/budget-box.ch\/app\/uploads\/2023\/12\/VOITURE-1024x701.png\" alt=\"\" class=\"wp-image-43\" srcset=\"https:\/\/budget-box.ch\/app\/uploads\/2023\/12\/VOITURE-1024x701.png 1024w, https:\/\/budget-box.ch\/app\/uploads\/2023\/12\/VOITURE-300x205.png 300w, https:\/\/budget-box.ch\/app\/uploads\/2023\/12\/VOITURE-768x526.png 768w, https:\/\/budget-box.ch\/app\/uploads\/2023\/12\/VOITURE-1536x1052.png 1536w, https:\/\/budget-box.ch\/app\/uploads\/2023\/12\/VOITURE.png 1868w\" sizes=\"(max-width: 1024px) 100vw, 1024px\" \/><\/figure>\n<\/div>\n\n\n\n<div class=\"wp-block-column text-block is-layout-flow wp-block-column-is-layout-flow\" style=\"flex-basis:85%\">\n<p class=\"item-title has-dark-blue-color has-text-color has-link-color wp-elements-c67f15ada36ce468cb030f1ca26fb840\">Come ci si arriva ?<\/p>\n\n\n\n<p class=\"has-dark-blue-color has-text-color has-link-color wp-elements-9dbc189f63234a91d2ed8c96defe0e79\">In auto : Prendere l&#8217;uscita dell&#8217;autostrada di Vevey, seguire Z.I La Veyre<br>Parcheggio per i clienti di fronte all&#8217;ingresso<\/p>\n\n\n\n<p class=\"has-dark-blue-color has-text-color has-link-color wp-elements-08a554bf35e2cf4aad5ed192d3f32b9b\">Trasporto pubblico: Linea di autobus 215<\/p>\n<\/div>\n<\/div>\n<\/div>\n\n\n\n<div class=\"wp-block-column is-vertically-aligned-center maps-column is-layout-flow wp-block-column-is-layout-flow\">\n<div id=\"maps-block_983599c9c71a2f8331e323c53d8a6588\" class=\"maps-block\">\n    <div class=\"map-container\" id=\"map\" data-zoom=\"16\">\n        <div class=\"marker\" data-lat=\"46.47754617504262\" data-lng=\"6.862539506606254\" data-address=\"Chemin de la Veyre d\u2019en Haut B6 1806 Saint-L\u00e9gier\"><\/div>\n    <\/div>\n<\/div><\/div>\n<\/div>\n\n\n\n<figure class=\"wp-block-image is-resized alignright footer-floating-icon\"><img decoding=\"async\" src=\"\/app\/themes\/budget-box\/assets\/images\/square.png\" alt=\"Quadrato arancione\" style=\"width:auto;height:120px\"\/><\/figure>\n<\/div>\n<\/div>\n<\/div>\n<\/div>\n\n\n\n<div style=\"height:100px\" aria-hidden=\"true\" class=\"wp-block-spacer\"><\/div>\n\n\n\n<div class=\"wp-block-columns contact-form-gallery is-layout-flex wp-container-core-columns-layout-14 wp-block-columns-is-layout-flex\">\n<div class=\"wp-block-column has-light-orange-background-color has-background is-layout-flow wp-block-column-is-layout-flow\">\n<div class=\"wp-block-columns is-layout-flex wp-container-core-columns-layout-13 wp-block-columns-is-layout-flex\">\n<div class=\"wp-block-column is-layout-flow wp-block-column-is-layout-flow\">\n<div class=\"wp-block-columns global-width is-layout-flex wp-container-core-columns-layout-12 wp-block-columns-is-layout-flex\">\n<div class=\"wp-block-column is-layout-flow wp-block-column-is-layout-flow\">\n<div class=\"wp-block-columns are-vertically-aligned-center is-layout-flex wp-container-core-columns-layout-11 wp-block-columns-is-layout-flex\">\n<div class=\"wp-block-column form-column is-layout-flow wp-block-column-is-layout-flow\" style=\"flex-basis:66.66%\">\n<figure class=\"wp-block-image is-resized\"><img decoding=\"async\" src=\"\/app\/themes\/budget-box\/assets\/images\/fox-head.png\" alt=\"Testa di volpe\" style=\"width:auto;height:140px\"\/><\/figure>\n\n\n\n<div class=\"wp-block-contact-form-7-contact-form-selector\">\n<div class=\"wpcf7 no-js\" id=\"wpcf7-f571-o1\" lang=\"it-IT\" dir=\"ltr\">\n<div class=\"screen-reader-response\"><p role=\"status\" aria-live=\"polite\" aria-atomic=\"true\"><\/p> <ul><\/ul><\/div>\n<form action=\"\/it\/wp-json\/wp\/v2\/pages\/382#wpcf7-f571-o1\" method=\"post\" class=\"wpcf7-form init\" aria-label=\"Contact form\" novalidate=\"novalidate\" data-status=\"init\">\n<div style=\"display: none;\">\n<input type=\"hidden\" name=\"_wpcf7\" value=\"571\" \/>\n<input type=\"hidden\" name=\"_wpcf7_version\" value=\"5.9.8\" \/>\n<input type=\"hidden\" name=\"_wpcf7_locale\" value=\"it_IT\" \/>\n<input type=\"hidden\" name=\"_wpcf7_unit_tag\" value=\"wpcf7-f571-o1\" \/>\n<input type=\"hidden\" name=\"_wpcf7_container_post\" value=\"0\" \/>\n<input type=\"hidden\" name=\"_wpcf7_posted_data_hash\" value=\"\" \/>\n<input type=\"hidden\" name=\"_wpcf7_recaptcha_response\" value=\"\" \/>\n<\/div>\n<p><span class=\"form-title\">Una domanda ? Una richiesta? Siamo qui per risponderti :<\/span>\n<\/p>\n<div class=\"form-input-row\">\n\t<div>\n\t\t<p><label>Nome<\/label><span class=\"wpcf7-form-control-wrap\" data-name=\"your-name\"><input size=\"40\" maxlength=\"400\" class=\"wpcf7-form-control wpcf7-text wpcf7-validates-as-required\" aria-required=\"true\" aria-invalid=\"false\" value=\"\" type=\"text\" name=\"your-name\" \/><\/span>\n\t\t<\/p>\n\t<\/div>\n\t<div>\n\t\t<p><label>Cognome<\/label><span class=\"wpcf7-form-control-wrap\" data-name=\"your-firstname\"><input size=\"40\" maxlength=\"400\" class=\"wpcf7-form-control wpcf7-text wpcf7-validates-as-required\" aria-required=\"true\" aria-invalid=\"false\" value=\"\" type=\"text\" name=\"your-firstname\" \/><\/span>\n\t\t<\/p>\n\t<\/div>\n<\/div>\n<div class=\"form-input-row\">\n\t<div>\n\t\t<p><label>E-mail<\/label><span class=\"wpcf7-form-control-wrap\" data-name=\"your-email\"><input size=\"40\" maxlength=\"400\" class=\"wpcf7-form-control wpcf7-email wpcf7-validates-as-required wpcf7-text wpcf7-validates-as-email\" aria-required=\"true\" aria-invalid=\"false\" value=\"\" type=\"email\" name=\"your-email\" \/><\/span>\n\t\t<\/p>\n\t<\/div>\n\t<div>\n\t\t<p><label>Telefono<\/label><span class=\"wpcf7-form-control-wrap\" data-name=\"your-phone-number\"><input size=\"40\" maxlength=\"400\" class=\"wpcf7-form-control wpcf7-tel wpcf7-validates-as-required wpcf7-text wpcf7-validates-as-tel\" aria-required=\"true\" aria-invalid=\"false\" value=\"\" type=\"tel\" name=\"your-phone-number\" \/><\/span>\n\t\t<\/p>\n\t<\/div>\n<\/div>\n<div class=\"form-input\">\n\t<div>\n\t\t<p><label>Messaggio<\/label><span class=\"wpcf7-form-control-wrap\" data-name=\"your-message\"><textarea cols=\"40\" rows=\"10\" maxlength=\"2000\" class=\"wpcf7-form-control wpcf7-textarea wpcf7-validates-as-required\" aria-required=\"true\" aria-invalid=\"false\" name=\"your-message\"><\/textarea><\/span>\n\t\t<\/p>\n\t<\/div>\n<\/div>\n<div class=\"checkbox-container\">\n\t<p><span class=\"wpcf7-form-control-wrap\" data-name=\"acceptance-308\"><span class=\"wpcf7-form-control wpcf7-acceptance\"><span class=\"wpcf7-list-item\"><label><input type=\"checkbox\" name=\"acceptance-308\" value=\"1\" aria-invalid=\"false\" \/><span class=\"wpcf7-list-item-label\">Accetto le <a href=\"https:\/\/budget-box.ch\/privacy-policy\/\" target=\"_blank\">condizioni generali di utilizzo<\/a><\/span><\/label><\/span><\/span><\/span>\n\t<\/p>\n<\/div>\n<div class=\"button-container\">\n\t<div class=\"button-input\">\n\t\t<p><input class=\"wpcf7-form-control wpcf7-submit has-spinner\" type=\"submit\" value=\"Envoyer\" \/>\n\t\t<\/p>\n\t<\/div>\n<\/div><div class=\"wpcf7-response-output\" aria-hidden=\"true\"><\/div>\n<\/form>\n<\/div>\n<\/div>\n<\/div>\n\n\n\n<div class=\"wp-block-column gallery-slider is-layout-flow wp-block-column-is-layout-flow\" style=\"flex-basis:33.33%\">\n<figure class=\"wp-block-gallery has-nested-images columns-default is-cropped wp-block-gallery-1 is-layout-flex wp-block-gallery-is-layout-flex\">\n<figure class=\"wp-block-image size-large\"><img decoding=\"async\" width=\"702\" height=\"1024\" src=\"https:\/\/budget-box.ch\/app\/uploads\/2023\/12\/2-Photo-a-droite-du-formulaire2-702x1024.jpg\" alt=\"\" class=\"wp-image-99\" srcset=\"https:\/\/budget-box.ch\/app\/uploads\/2023\/12\/2-Photo-a-droite-du-formulaire2-702x1024.jpg 702w, https:\/\/budget-box.ch\/app\/uploads\/2023\/12\/2-Photo-a-droite-du-formulaire2-206x300.jpg 206w, https:\/\/budget-box.ch\/app\/uploads\/2023\/12\/2-Photo-a-droite-du-formulaire2-768x1120.jpg 768w, https:\/\/budget-box.ch\/app\/uploads\/2023\/12\/2-Photo-a-droite-du-formulaire2-1054x1536.jpg 1054w, https:\/\/budget-box.ch\/app\/uploads\/2023\/12\/2-Photo-a-droite-du-formulaire2-1405x2048.jpg 1405w, https:\/\/budget-box.ch\/app\/uploads\/2023\/12\/2-Photo-a-droite-du-formulaire2-scaled.jpg 1756w\" sizes=\"(max-width: 702px) 100vw, 702px\" \/><figcaption class=\"wp-element-caption\">charset=Ascii<\/figcaption><\/figure>\n\n\n\n<figure class=\"wp-block-image size-large\"><img decoding=\"async\" width=\"733\" height=\"1024\" src=\"https:\/\/budget-box.ch\/app\/uploads\/2023\/12\/1-Haut-de-page2-733x1024.jpg\" alt=\"\" class=\"wp-image-98\" srcset=\"https:\/\/budget-box.ch\/app\/uploads\/2023\/12\/1-Haut-de-page2-733x1024.jpg 733w, https:\/\/budget-box.ch\/app\/uploads\/2023\/12\/1-Haut-de-page2-215x300.jpg 215w, https:\/\/budget-box.ch\/app\/uploads\/2023\/12\/1-Haut-de-page2-768x1073.jpg 768w, https:\/\/budget-box.ch\/app\/uploads\/2023\/12\/1-Haut-de-page2-1099x1536.jpg 1099w, https:\/\/budget-box.ch\/app\/uploads\/2023\/12\/1-Haut-de-page2-1466x2048.jpg 1466w, https:\/\/budget-box.ch\/app\/uploads\/2023\/12\/1-Haut-de-page2-scaled.jpg 1832w\" sizes=\"(max-width: 733px) 100vw, 733px\" \/><\/figure>\n<\/figure>\n\n\n\n<figure class=\"wp-block-image is-resized alignright floating-icon\"><img decoding=\"async\" src=\"\/app\/themes\/budget-box\/assets\/images\/logo-dark-blue.png\" alt=\"Logo blu scuro\" style=\"width:auto;height:80px\"\/><\/figure>\n<\/div>\n<\/div>\n<\/div>\n<\/div>\n<\/div>\n<\/div>\n<\/div>\n<\/div>\n\n\n\n<div style=\"height:60px\" aria-hidden=\"true\" class=\"wp-block-spacer\"><\/div>\n\n\n\n<div class=\"wp-block-columns highlight-text is-layout-flex wp-container-core-columns-layout-16 wp-block-columns-is-layout-flex\">\n<div class=\"wp-block-column is-layout-flow wp-block-column-is-layout-flow\">\n<div class=\"wp-block-columns smaller-width is-layout-flex wp-container-core-columns-layout-15 wp-block-columns-is-layout-flex\">\n<div class=\"wp-block-column is-vertically-aligned-top has-white-background-color has-background is-layout-flow wp-block-column-is-layout-flow\" style=\"flex-basis:920px\">\n<p class=\"has-text-align-center\">\u00c8 molto conveniente poter affittare un&#8217;area di self-storage con accesso libero situata sulla strada principale tra Losanna, Friburgo e Aigle. Situato nelle immediate vicinanze dell&#8217;uscita dell&#8217;autostrada di Vevey, il nostro self-storage conveniente offre lo spazio di cui hai bisogno!<br><\/p>\n\n\n\n<p class=\"has-text-align-center\">Il nostro sito di St-L\u00e9gier \u00e8 idealmente situato all&#8217;incrocio delle autostrade che portano ai cantoni di Friburgo, Vallese e Vaud. In particolare, siamo a pochi minuti da Chexbres, St-Saphorin, Corseaux, Vevey, La Tour-De-Peilz, Clarens, Sonzier, Montreux, Blonay, Veytaux, Villeneuve, Rennaz, Roche, Blonay, Ch\u00e2tel-St-Denis, Jongny, Vuadens, Vaulruz, Bulle, La Tour-de-Tr\u00eame, Marsens, Gruy\u00e8re, Puidoux, Grandvaux, Lavaux.<\/p>\n<\/div>\n<\/div>\n<\/div>\n<\/div>\n\n\n\n<div style=\"height:50px\" aria-hidden=\"true\" class=\"wp-block-spacer\"><\/div>\n","protected":false},"excerpt":{"rendered":"<p>Contatto Hai domande ? Informazioni Indirizzo : Chemin de la Veyre d&#8217;en Haut B61806 Saint-L\u00e9gier Accoglienza : Su appuntamento dal luned\u00ec al sabato Telefono : Siamo disponibili dal luned\u00ec al venerd\u00ec dalle 9:30 alle 17:30 e il sabato dalle 13:00 alle 16:30 al numero 021\/943.21.13. Accesso 7 giorni su 7 Accesso dei clienti 7 giorni [&hellip;]<\/p>\n","protected":false},"author":1,"featured_media":0,"parent":0,"menu_order":0,"comment_status":"closed","ping_status":"closed","template":"","meta":{"_acf_changed":false,"footnotes":""},"acf":[],"yoast_head":"<!-- This site is optimized with the Yoast SEO plugin v20.13 - https:\/\/yoast.com\/wordpress\/plugins\/seo\/ -->\n<title>Contatto - Budget Box<\/title>\n<meta name=\"robots\" content=\"index, follow, max-snippet:-1, max-image-preview:large, max-video-preview:-1\" \/>\n<link rel=\"canonical\" href=\"https:\/\/budget-box.ch\/it\/contatto\/\" \/>\n<meta property=\"og:locale\" content=\"it_IT\" \/>\n<meta property=\"og:type\" content=\"article\" \/>\n<meta property=\"og:title\" content=\"Contatto - Budget Box\" \/>\n<meta property=\"og:description\" content=\"Contatto Hai domande ? Informazioni Indirizzo : Chemin de la Veyre d&#8217;en Haut B61806 Saint-L\u00e9gier Accoglienza : Su appuntamento dal luned\u00ec al sabato Telefono : Siamo disponibili dal luned\u00ec al venerd\u00ec dalle 9:30 alle 17:30 e il sabato dalle 13:00 alle 16:30 al numero 021\/943.21.13. Accesso 7 giorni su 7 Accesso dei clienti 7 giorni [&hellip;]\" \/>\n<meta property=\"og:url\" content=\"https:\/\/budget-box.ch\/it\/contatto\/\" \/>\n<meta property=\"og:site_name\" content=\"Budget Box\" \/>\n<meta property=\"article:modified_time\" content=\"2024-06-13T14:31:38+00:00\" \/>\n<meta property=\"og:image\" content=\"https:\/\/budget-box.ch\/app\/uploads\/2024\/02\/1-Haut-de-page3-1024x978.jpg\" \/>\n<meta name=\"twitter:card\" content=\"summary_large_image\" \/>\n<meta name=\"twitter:label1\" content=\"Est. reading time\" \/>\n\t<meta name=\"twitter:data1\" content=\"4 minutes\" \/>\n<script type=\"application\/ld+json\" class=\"yoast-schema-graph\">{\"@context\":\"https:\/\/schema.org\",\"@graph\":[{\"@type\":\"WebPage\",\"@id\":\"https:\/\/budget-box.ch\/it\/contatto\/\",\"url\":\"https:\/\/budget-box.ch\/it\/contatto\/\",\"name\":\"Contatto - Budget Box\",\"isPartOf\":{\"@id\":\"https:\/\/budget-box.ch\/#website\"},\"datePublished\":\"2023-12-16T01:48:59+00:00\",\"dateModified\":\"2024-06-13T14:31:38+00:00\",\"breadcrumb\":{\"@id\":\"https:\/\/budget-box.ch\/it\/contatto\/#breadcrumb\"},\"inLanguage\":\"it-IT\",\"potentialAction\":[{\"@type\":\"ReadAction\",\"target\":[\"https:\/\/budget-box.ch\/it\/contatto\/\"]}]},{\"@type\":\"BreadcrumbList\",\"@id\":\"https:\/\/budget-box.ch\/it\/contatto\/#breadcrumb\",\"itemListElement\":[{\"@type\":\"ListItem\",\"position\":1,\"name\":\"Accueil\",\"item\":\"https:\/\/cli-budget-box.tilvalhall.fr\/it\/\"},{\"@type\":\"ListItem\",\"position\":2,\"name\":\"Contatto\"}]},{\"@type\":\"WebSite\",\"@id\":\"https:\/\/budget-box.ch\/#website\",\"url\":\"https:\/\/budget-box.ch\/\",\"name\":\"Budget Box\",\"description\":\"Location de garde meuble en libre acc\u00e8s. Id\u00e9alement situ\u00e9 et abordable, d\u00e8s 58 CHF\/mois\",\"publisher\":{\"@id\":\"https:\/\/budget-box.ch\/#organization\"},\"potentialAction\":[{\"@type\":\"SearchAction\",\"target\":{\"@type\":\"EntryPoint\",\"urlTemplate\":\"https:\/\/budget-box.ch\/?s={search_term_string}\"},\"query-input\":\"required name=search_term_string\"}],\"inLanguage\":\"it-IT\"},{\"@type\":\"Organization\",\"@id\":\"https:\/\/budget-box.ch\/#organization\",\"name\":\"Budget Box\",\"url\":\"https:\/\/budget-box.ch\/\",\"logo\":{\"@type\":\"ImageObject\",\"inLanguage\":\"it-IT\",\"@id\":\"https:\/\/budget-box.ch\/#\/schema\/logo\/image\/\",\"url\":\"https:\/\/budget-box.ch\/app\/uploads\/2024\/01\/BB_HORIZONTAL_IT.png\",\"contentUrl\":\"https:\/\/budget-box.ch\/app\/uploads\/2024\/01\/BB_HORIZONTAL_IT.png\",\"width\":2107,\"height\":425,\"caption\":\"Budget Box\"},\"image\":{\"@id\":\"https:\/\/budget-box.ch\/#\/schema\/logo\/image\/\"}}]}<\/script>\n<!-- \/ Yoast SEO plugin. -->","yoast_head_json":{"title":"Contatto - Budget Box","robots":{"index":"index","follow":"follow","max-snippet":"max-snippet:-1","max-image-preview":"max-image-preview:large","max-video-preview":"max-video-preview:-1"},"canonical":"https:\/\/budget-box.ch\/it\/contatto\/","og_locale":"it_IT","og_type":"article","og_title":"Contatto - Budget Box","og_description":"Contatto Hai domande ? Informazioni Indirizzo : Chemin de la Veyre d&#8217;en Haut B61806 Saint-L\u00e9gier Accoglienza : Su appuntamento dal luned\u00ec al sabato Telefono : Siamo disponibili dal luned\u00ec al venerd\u00ec dalle 9:30 alle 17:30 e il sabato dalle 13:00 alle 16:30 al numero 021\/943.21.13. Accesso 7 giorni su 7 Accesso dei clienti 7 giorni [&hellip;]","og_url":"https:\/\/budget-box.ch\/it\/contatto\/","og_site_name":"Budget Box","article_modified_time":"2024-06-13T14:31:38+00:00","og_image":[{"url":"https:\/\/budget-box.ch\/app\/uploads\/2024\/02\/1-Haut-de-page3-1024x978.jpg"}],"twitter_card":"summary_large_image","twitter_misc":{"Est. reading time":"4 minutes"},"schema":{"@context":"https:\/\/schema.org","@graph":[{"@type":"WebPage","@id":"https:\/\/budget-box.ch\/it\/contatto\/","url":"https:\/\/budget-box.ch\/it\/contatto\/","name":"Contatto - Budget Box","isPartOf":{"@id":"https:\/\/budget-box.ch\/#website"},"datePublished":"2023-12-16T01:48:59+00:00","dateModified":"2024-06-13T14:31:38+00:00","breadcrumb":{"@id":"https:\/\/budget-box.ch\/it\/contatto\/#breadcrumb"},"inLanguage":"it-IT","potentialAction":[{"@type":"ReadAction","target":["https:\/\/budget-box.ch\/it\/contatto\/"]}]},{"@type":"BreadcrumbList","@id":"https:\/\/budget-box.ch\/it\/contatto\/#breadcrumb","itemListElement":[{"@type":"ListItem","position":1,"name":"Accueil","item":"https:\/\/cli-budget-box.tilvalhall.fr\/it\/"},{"@type":"ListItem","position":2,"name":"Contatto"}]},{"@type":"WebSite","@id":"https:\/\/budget-box.ch\/#website","url":"https:\/\/budget-box.ch\/","name":"Budget Box","description":"Location de garde meuble en libre acc\u00e8s. Id\u00e9alement situ\u00e9 et abordable, d\u00e8s 58 CHF\/mois","publisher":{"@id":"https:\/\/budget-box.ch\/#organization"},"potentialAction":[{"@type":"SearchAction","target":{"@type":"EntryPoint","urlTemplate":"https:\/\/budget-box.ch\/?s={search_term_string}"},"query-input":"required name=search_term_string"}],"inLanguage":"it-IT"},{"@type":"Organization","@id":"https:\/\/budget-box.ch\/#organization","name":"Budget Box","url":"https:\/\/budget-box.ch\/","logo":{"@type":"ImageObject","inLanguage":"it-IT","@id":"https:\/\/budget-box.ch\/#\/schema\/logo\/image\/","url":"https:\/\/budget-box.ch\/app\/uploads\/2024\/01\/BB_HORIZONTAL_IT.png","contentUrl":"https:\/\/budget-box.ch\/app\/uploads\/2024\/01\/BB_HORIZONTAL_IT.png","width":2107,"height":425,"caption":"Budget Box"},"image":{"@id":"https:\/\/budget-box.ch\/#\/schema\/logo\/image\/"}}]}},"_links":{"self":[{"href":"https:\/\/budget-box.ch\/it\/wp-json\/wp\/v2\/pages\/382"}],"collection":[{"href":"https:\/\/budget-box.ch\/it\/wp-json\/wp\/v2\/pages"}],"about":[{"href":"https:\/\/budget-box.ch\/it\/wp-json\/wp\/v2\/types\/page"}],"author":[{"embeddable":true,"href":"https:\/\/budget-box.ch\/it\/wp-json\/wp\/v2\/users\/1"}],"replies":[{"embeddable":true,"href":"https:\/\/budget-box.ch\/it\/wp-json\/wp\/v2\/comments?post=382"}],"version-history":[{"count":7,"href":"https:\/\/budget-box.ch\/it\/wp-json\/wp\/v2\/pages\/382\/revisions"}],"predecessor-version":[{"id":1845,"href":"https:\/\/budget-box.ch\/it\/wp-json\/wp\/v2\/pages\/382\/revisions\/1845"}],"wp:attachment":[{"href":"https:\/\/budget-box.ch\/it\/wp-json\/wp\/v2\/media?parent=382"}],"curies":[{"name":"wp","href":"https:\/\/api.w.org\/{rel}","templated":true}]}}