{"id":340,"date":"2023-12-16T01:13:20","date_gmt":"2023-12-16T01:13:20","guid":{"rendered":"https:\/\/budget-box.ch\/prenota-il-mio-box-di-self-storage\/"},"modified":"2024-06-13T14:31:11","modified_gmt":"2024-06-13T14:31:11","slug":"prenota-il-mio-box-di-self-storage","status":"publish","type":"page","link":"https:\/\/budget-box.ch\/it\/prenota-il-mio-box-di-self-storage\/","title":{"rendered":"Prenota il mio box di Self-Storage"},"content":{"rendered":"\n<div style=\"height:120px\" aria-hidden=\"true\" class=\"wp-block-spacer\"><\/div>\n\n<div class=\"wp-block-columns booking-form is-layout-flex wp-container-core-columns-layout-3 wp-block-columns-is-layout-flex\">\n<div class=\"wp-block-column is-layout-flow wp-block-column-is-layout-flow\">\n<div class=\"wp-block-columns global-width is-layout-flex wp-container-core-columns-layout-2 wp-block-columns-is-layout-flex\">\n<div class=\"wp-block-column is-layout-flow wp-block-column-is-layout-flow\">\n<div class=\"wp-block-columns is-layout-flex wp-container-core-columns-layout-1 wp-block-columns-is-layout-flex\">\n<div class=\"wp-block-column text-column is-layout-flow wp-block-column-is-layout-flow\" style=\"flex-basis:45%\">\n<h1 class=\"wp-block-heading\" style=\"font-size:50px\">Hai fatto la<br\/>tua scelta ?<br\/><mark style=\"background-color:rgba(0, 0, 0, 0)\" class=\"has-inline-color has-light-orange-color\">Prenota<\/mark><br\/>ora !<\/h1>\n\n\n\n<figure class=\"wp-block-image size-large is-resized alignright big-image\"><img decoding=\"async\" width=\"1024\" height=\"1005\" src=\"https:\/\/budget-box.ch\/app\/uploads\/2024\/01\/BOX-RESA2-1024x1005.png\" alt=\"\" class=\"wp-image-297\" style=\"width:auto;height:380px\" srcset=\"https:\/\/budget-box.ch\/app\/uploads\/2024\/01\/BOX-RESA2-1024x1005.png 1024w, https:\/\/budget-box.ch\/app\/uploads\/2024\/01\/BOX-RESA2-300x294.png 300w, https:\/\/budget-box.ch\/app\/uploads\/2024\/01\/BOX-RESA2-768x754.png 768w, https:\/\/budget-box.ch\/app\/uploads\/2024\/01\/BOX-RESA2.png 1222w\" sizes=\"(max-width: 1024px) 100vw, 1024px\" \/><\/figure>\n<\/div>\n\n\n\n<div class=\"wp-block-column form-column is-layout-flow wp-block-column-is-layout-flow\" style=\"flex-basis:55%\">\n<figure class=\"wp-block-image is-resized floating-icon\"><img decoding=\"async\" src=\"\/app\/themes\/budget-box\/assets\/images\/logo-dark-blue.png\" alt=\"Logo blu scuro\" style=\"width:auto;height:130px\"\/><\/figure>\n\n\n\n<div class=\"wp-block-contact-form-7-contact-form-selector\">\n<div class=\"wpcf7 no-js\" id=\"wpcf7-f574-o1\" lang=\"it-IT\" dir=\"ltr\">\n<div class=\"screen-reader-response\"><p role=\"status\" aria-live=\"polite\" aria-atomic=\"true\"><\/p> <ul><\/ul><\/div>\n<form action=\"\/it\/wp-json\/wp\/v2\/pages\/340#wpcf7-f574-o1\" method=\"post\" class=\"wpcf7-form init\" aria-label=\"Contact form\" novalidate=\"novalidate\" data-status=\"init\">\n<div style=\"display: none;\">\n<input type=\"hidden\" name=\"_wpcf7\" value=\"574\" \/>\n<input type=\"hidden\" name=\"_wpcf7_version\" value=\"5.9.8\" \/>\n<input type=\"hidden\" name=\"_wpcf7_locale\" value=\"it_IT\" \/>\n<input type=\"hidden\" name=\"_wpcf7_unit_tag\" value=\"wpcf7-f574-o1\" \/>\n<input type=\"hidden\" name=\"_wpcf7_container_post\" value=\"0\" \/>\n<input type=\"hidden\" name=\"_wpcf7_posted_data_hash\" value=\"\" \/>\n<input type=\"hidden\" name=\"_wpcf7_recaptcha_response\" value=\"\" \/>\n<\/div>\n<p><span class=\"form-title\">Prenotazione richiesta<\/span>\n<\/p>\n<div class=\"form-input-row\">\n\t<div>\n\t\t<p><label>Nome<\/label><span class=\"wpcf7-form-control-wrap\" data-name=\"your-name\"><input size=\"40\" maxlength=\"400\" class=\"wpcf7-form-control wpcf7-text wpcf7-validates-as-required\" aria-required=\"true\" aria-invalid=\"false\" value=\"\" type=\"text\" name=\"your-name\" \/><\/span>\n\t\t<\/p>\n\t<\/div>\n\t<div>\n\t\t<p><label>Cognome<\/label><span class=\"wpcf7-form-control-wrap\" data-name=\"your-firstname\"><input size=\"40\" maxlength=\"400\" class=\"wpcf7-form-control wpcf7-text wpcf7-validates-as-required\" aria-required=\"true\" aria-invalid=\"false\" value=\"\" type=\"text\" name=\"your-firstname\" \/><\/span>\n\t\t<\/p>\n\t<\/div>\n<\/div>\n<div class=\"form-input\">\n\t<div>\n\t\t<p><label>E-mail<\/label><span class=\"wpcf7-form-control-wrap\" data-name=\"your-email\"><input size=\"40\" maxlength=\"400\" class=\"wpcf7-form-control wpcf7-email wpcf7-validates-as-required wpcf7-text wpcf7-validates-as-email\" aria-required=\"true\" aria-invalid=\"false\" value=\"\" type=\"email\" name=\"your-email\" \/><\/span>\n\t\t<\/p>\n\t<\/div>\n<\/div>\n<div class=\"form-input\">\n\t<div>\n\t\t<p><label>Telefono<\/label><span class=\"wpcf7-form-control-wrap\" data-name=\"your-phone-number\"><input size=\"40\" maxlength=\"400\" class=\"wpcf7-form-control wpcf7-tel wpcf7-validates-as-required wpcf7-text wpcf7-validates-as-tel\" aria-required=\"true\" aria-invalid=\"false\" value=\"\" type=\"tel\" name=\"your-phone-number\" \/><\/span>\n\t\t<\/p>\n\t<\/div>\n<\/div>\n<div class=\"form-input-row\">\n\t<div>\n\t\t<p><label>Scatola desiderata<\/label><span class=\"wpcf7-form-control-wrap\" data-name=\"box-size\"><select class=\"wpcf7-form-control wpcf7-select wpcf7-validates-as-required\" aria-required=\"true\" aria-invalid=\"false\" name=\"box-size\"><option value=\"XS\">XS<\/option><option value=\"S\">S<\/option><option value=\"M\">M<\/option><option value=\"L\">L<\/option><option value=\"XL\">XL<\/option><option value=\"XXL\">XXL<\/option><\/select><\/span>\n\t\t<\/p>\n\t<\/div>\n\t<div>\n\t\t<p><label>Prenotazione da<\/label><span class=\"wpcf7-form-control-wrap\" data-name=\"booking-date\"><input class=\"wpcf7-form-control wpcf7-date wpcf7-validates-as-required wpcf7-validates-as-date\" aria-required=\"true\" aria-invalid=\"false\" value=\"\" type=\"date\" name=\"booking-date\" \/><\/span>\n\t\t<\/p>\n\t<\/div>\n<\/div>\n<div class=\"form-input\">\n\t<div>\n\t\t<p><label>Durata del noleggio<\/label><span class=\"wpcf7-form-control-wrap\" data-name=\"rent-duration\"><select class=\"wpcf7-form-control wpcf7-select wpcf7-validates-as-required\" aria-required=\"true\" aria-invalid=\"false\" name=\"rent-duration\"><option value=\"1 mois\">1 mois<\/option><option value=\"2 mois\">2 mois<\/option><option value=\"3 mois\">3 mois<\/option><option value=\"4 mois\">4 mois<\/option><option value=\"5 mois\">5 mois<\/option><option value=\"6 mois\">6 mois<\/option><option value=\"plus de 6 mois\">plus de 6 mois<\/option><\/select><\/span>\n\t\t<\/p>\n\t<\/div>\n<\/div>\n<div class=\"form-input\">\n\t<div>\n\t\t<p><label>Messaggio<\/label><span class=\"wpcf7-form-control-wrap\" data-name=\"your-message\"><textarea cols=\"40\" rows=\"10\" maxlength=\"2000\" class=\"wpcf7-form-control wpcf7-textarea wpcf7-validates-as-required\" aria-required=\"true\" aria-invalid=\"false\" name=\"your-message\"><\/textarea><\/span>\n\t\t<\/p>\n\t<\/div>\n<\/div>\n<div class=\"checkbox-container\">\n\t<p><span class=\"wpcf7-form-control-wrap\" data-name=\"acceptance-308\"><span class=\"wpcf7-form-control wpcf7-acceptance\"><span class=\"wpcf7-list-item\"><label><input type=\"checkbox\" name=\"acceptance-308\" value=\"1\" aria-invalid=\"false\" \/><span class=\"wpcf7-list-item-label\">Accetto le <a href=\"https:\/\/budget-box.ch\/privacy-policy\/\" target=\"_blank\">condizioni generali di utilizzo<\/a><\/span><\/label><\/span><\/span><\/span>\n\t<\/p>\n<\/div>\n<div class=\"button-container\">\n\t<div class=\"button-input\">\n\t\t<p><input class=\"wpcf7-form-control wpcf7-submit has-spinner\" type=\"submit\" value=\"Envoyer ma demande\" \/>\n\t\t<\/p>\n\t<\/div>\n<\/div><div class=\"wpcf7-response-output\" aria-hidden=\"true\"><\/div>\n<\/form>\n<\/div>\n<\/div>\n<\/div>\n<\/div>\n<\/div>\n<\/div>\n<\/div>\n<\/div>\n\n<div style=\"height:60px\" aria-hidden=\"true\" class=\"wp-block-spacer\"><\/div>\n\n<div class=\"wp-block-columns rounded-image is-layout-flex wp-container-core-columns-layout-5 wp-block-columns-is-layout-flex\">\n<div class=\"wp-block-column is-layout-flow wp-block-column-is-layout-flow\">\n<div class=\"wp-block-columns is-layout-flex wp-container-core-columns-layout-4 wp-block-columns-is-layout-flex\">\n<div class=\"wp-block-column rounded-image-frame has-white-background-color has-background is-layout-flow wp-block-column-is-layout-flow\"><\/div>\n<\/div>\n\n\n\n<div class=\"wp-block-cover is-light\" style=\"min-height:535px\"><span aria-hidden=\"true\" class=\"wp-block-cover__background has-background-dim-0 has-background-dim\"><\/span><img decoding=\"async\" width=\"2560\" height=\"1706\" class=\"wp-block-cover__image-background wp-image-67\" alt=\"\" src=\"https:\/\/budget-box.ch\/app\/uploads\/2023\/12\/2eme-photo-page-daccueil-scaled.jpg\" data-object-fit=\"cover\" srcset=\"https:\/\/budget-box.ch\/app\/uploads\/2023\/12\/2eme-photo-page-daccueil-scaled.jpg 2560w, https:\/\/budget-box.ch\/app\/uploads\/2023\/12\/2eme-photo-page-daccueil-300x200.jpg 300w, https:\/\/budget-box.ch\/app\/uploads\/2023\/12\/2eme-photo-page-daccueil-1024x683.jpg 1024w, https:\/\/budget-box.ch\/app\/uploads\/2023\/12\/2eme-photo-page-daccueil-768x512.jpg 768w, https:\/\/budget-box.ch\/app\/uploads\/2023\/12\/2eme-photo-page-daccueil-1536x1024.jpg 1536w, https:\/\/budget-box.ch\/app\/uploads\/2023\/12\/2eme-photo-page-daccueil-2048x1365.jpg 2048w\" sizes=\"(max-width: 2560px) 100vw, 2560px\" \/><div class=\"wp-block-cover__inner-container is-layout-constrained wp-block-cover-is-layout-constrained\">\n<p class=\"has-text-align-center has-large-font-size\"><\/p>\n<\/div><\/div>\n<\/div>\n<\/div>\n\n<div style=\"height:60px\" aria-hidden=\"true\" class=\"wp-block-spacer\"><\/div>\n\n<div class=\"wp-block-columns highlight-text is-layout-flex wp-container-core-columns-layout-7 wp-block-columns-is-layout-flex\">\n<div class=\"wp-block-column is-layout-flow wp-block-column-is-layout-flow\">\n<div class=\"wp-block-columns smaller-width is-layout-flex wp-container-core-columns-layout-6 wp-block-columns-is-layout-flex\">\n<div class=\"wp-block-column is-vertically-aligned-top has-white-background-color has-background is-layout-flow wp-block-column-is-layout-flow\" style=\"flex-basis:920px\">\n<p class=\"has-text-align-center\">Scegli la nostra soluzione di self-storage sicura e semplifica la tua vita tramite una prenotazione veloce e facile tramite il nostro modulo. Per tutte le tue esigenze, offriamo uno spazio su misura per i tuoi beni. Le nostre condizioni di conservazione garantiscono una preservazione ottimale dei tuoi beni.<\/p>\n<\/div>\n<\/div>\n<\/div>\n<\/div>\n\n<div style=\"height:50px\" aria-hidden=\"true\" class=\"wp-block-spacer\"><\/div>\n","protected":false},"excerpt":{"rendered":"<p>Hai fatto latua scelta ?Prenotaora ! Scegli la nostra soluzione di self-storage sicura e semplifica la tua vita tramite una prenotazione veloce e facile tramite il nostro modulo. Per tutte le tue esigenze, offriamo uno spazio su misura per i tuoi beni. Le nostre condizioni di conservazione garantiscono una preservazione ottimale dei tuoi beni.<\/p>\n","protected":false},"author":1,"featured_media":0,"parent":0,"menu_order":0,"comment_status":"closed","ping_status":"closed","template":"","meta":{"_acf_changed":false,"footnotes":""},"acf":[],"yoast_head":"<!-- This site is optimized with the Yoast SEO plugin v20.13 - https:\/\/yoast.com\/wordpress\/plugins\/seo\/ -->\n<title>Prenota il mio box di Self-Storage - Budget Box<\/title>\n<meta name=\"robots\" content=\"index, follow, max-snippet:-1, max-image-preview:large, max-video-preview:-1\" \/>\n<link rel=\"canonical\" href=\"https:\/\/budget-box.ch\/it\/prenota-il-mio-box-di-self-storage\/\" \/>\n<meta property=\"og:locale\" content=\"it_IT\" \/>\n<meta property=\"og:type\" content=\"article\" \/>\n<meta property=\"og:title\" content=\"Prenota il mio box di Self-Storage - Budget Box\" \/>\n<meta property=\"og:description\" content=\"Hai fatto latua scelta ?Prenotaora ! Scegli la nostra soluzione di self-storage sicura e semplifica la tua vita tramite una prenotazione veloce e facile tramite il nostro modulo. Per tutte le tue esigenze, offriamo uno spazio su misura per i tuoi beni. Le nostre condizioni di conservazione garantiscono una preservazione ottimale dei tuoi beni.\" \/>\n<meta property=\"og:url\" content=\"https:\/\/budget-box.ch\/it\/prenota-il-mio-box-di-self-storage\/\" \/>\n<meta property=\"og:site_name\" content=\"Budget Box\" \/>\n<meta property=\"article:modified_time\" content=\"2024-06-13T14:31:11+00:00\" \/>\n<meta property=\"og:image\" content=\"https:\/\/budget-box.ch\/app\/uploads\/2024\/01\/BOX-RESA2-1024x1005.png\" \/>\n<meta name=\"twitter:card\" content=\"summary_large_image\" \/>\n<meta name=\"twitter:label1\" content=\"Est. reading time\" \/>\n\t<meta name=\"twitter:data1\" content=\"1 minute\" \/>\n<script type=\"application\/ld+json\" class=\"yoast-schema-graph\">{\"@context\":\"https:\/\/schema.org\",\"@graph\":[{\"@type\":\"WebPage\",\"@id\":\"https:\/\/budget-box.ch\/it\/prenota-il-mio-box-di-self-storage\/\",\"url\":\"https:\/\/budget-box.ch\/it\/prenota-il-mio-box-di-self-storage\/\",\"name\":\"Prenota il mio box di Self-Storage - Budget Box\",\"isPartOf\":{\"@id\":\"https:\/\/budget-box.ch\/#website\"},\"datePublished\":\"2023-12-16T01:13:20+00:00\",\"dateModified\":\"2024-06-13T14:31:11+00:00\",\"breadcrumb\":{\"@id\":\"https:\/\/budget-box.ch\/it\/prenota-il-mio-box-di-self-storage\/#breadcrumb\"},\"inLanguage\":\"it-IT\",\"potentialAction\":[{\"@type\":\"ReadAction\",\"target\":[\"https:\/\/budget-box.ch\/it\/prenota-il-mio-box-di-self-storage\/\"]}]},{\"@type\":\"BreadcrumbList\",\"@id\":\"https:\/\/budget-box.ch\/it\/prenota-il-mio-box-di-self-storage\/#breadcrumb\",\"itemListElement\":[{\"@type\":\"ListItem\",\"position\":1,\"name\":\"Accueil\",\"item\":\"https:\/\/cli-budget-box.tilvalhall.fr\/it\/\"},{\"@type\":\"ListItem\",\"position\":2,\"name\":\"Prenota il mio box di Self-Storage\"}]},{\"@type\":\"WebSite\",\"@id\":\"https:\/\/budget-box.ch\/#website\",\"url\":\"https:\/\/budget-box.ch\/\",\"name\":\"Budget Box\",\"description\":\"Location de garde meuble en libre acc\u00e8s. Id\u00e9alement situ\u00e9 et abordable, d\u00e8s 58 CHF\/mois\",\"publisher\":{\"@id\":\"https:\/\/budget-box.ch\/#organization\"},\"potentialAction\":[{\"@type\":\"SearchAction\",\"target\":{\"@type\":\"EntryPoint\",\"urlTemplate\":\"https:\/\/budget-box.ch\/?s={search_term_string}\"},\"query-input\":\"required name=search_term_string\"}],\"inLanguage\":\"it-IT\"},{\"@type\":\"Organization\",\"@id\":\"https:\/\/budget-box.ch\/#organization\",\"name\":\"Budget Box\",\"url\":\"https:\/\/budget-box.ch\/\",\"logo\":{\"@type\":\"ImageObject\",\"inLanguage\":\"it-IT\",\"@id\":\"https:\/\/budget-box.ch\/#\/schema\/logo\/image\/\",\"url\":\"https:\/\/budget-box.ch\/app\/uploads\/2024\/01\/BB_HORIZONTAL_IT.png\",\"contentUrl\":\"https:\/\/budget-box.ch\/app\/uploads\/2024\/01\/BB_HORIZONTAL_IT.png\",\"width\":2107,\"height\":425,\"caption\":\"Budget Box\"},\"image\":{\"@id\":\"https:\/\/budget-box.ch\/#\/schema\/logo\/image\/\"}}]}<\/script>\n<!-- \/ Yoast SEO plugin. -->","yoast_head_json":{"title":"Prenota il mio box di Self-Storage - Budget Box","robots":{"index":"index","follow":"follow","max-snippet":"max-snippet:-1","max-image-preview":"max-image-preview:large","max-video-preview":"max-video-preview:-1"},"canonical":"https:\/\/budget-box.ch\/it\/prenota-il-mio-box-di-self-storage\/","og_locale":"it_IT","og_type":"article","og_title":"Prenota il mio box di Self-Storage - Budget Box","og_description":"Hai fatto latua scelta ?Prenotaora ! Scegli la nostra soluzione di self-storage sicura e semplifica la tua vita tramite una prenotazione veloce e facile tramite il nostro modulo. Per tutte le tue esigenze, offriamo uno spazio su misura per i tuoi beni. Le nostre condizioni di conservazione garantiscono una preservazione ottimale dei tuoi beni.","og_url":"https:\/\/budget-box.ch\/it\/prenota-il-mio-box-di-self-storage\/","og_site_name":"Budget Box","article_modified_time":"2024-06-13T14:31:11+00:00","og_image":[{"url":"https:\/\/budget-box.ch\/app\/uploads\/2024\/01\/BOX-RESA2-1024x1005.png"}],"twitter_card":"summary_large_image","twitter_misc":{"Est. reading time":"1 minute"},"schema":{"@context":"https:\/\/schema.org","@graph":[{"@type":"WebPage","@id":"https:\/\/budget-box.ch\/it\/prenota-il-mio-box-di-self-storage\/","url":"https:\/\/budget-box.ch\/it\/prenota-il-mio-box-di-self-storage\/","name":"Prenota il mio box di Self-Storage - Budget Box","isPartOf":{"@id":"https:\/\/budget-box.ch\/#website"},"datePublished":"2023-12-16T01:13:20+00:00","dateModified":"2024-06-13T14:31:11+00:00","breadcrumb":{"@id":"https:\/\/budget-box.ch\/it\/prenota-il-mio-box-di-self-storage\/#breadcrumb"},"inLanguage":"it-IT","potentialAction":[{"@type":"ReadAction","target":["https:\/\/budget-box.ch\/it\/prenota-il-mio-box-di-self-storage\/"]}]},{"@type":"BreadcrumbList","@id":"https:\/\/budget-box.ch\/it\/prenota-il-mio-box-di-self-storage\/#breadcrumb","itemListElement":[{"@type":"ListItem","position":1,"name":"Accueil","item":"https:\/\/cli-budget-box.tilvalhall.fr\/it\/"},{"@type":"ListItem","position":2,"name":"Prenota il mio box di Self-Storage"}]},{"@type":"WebSite","@id":"https:\/\/budget-box.ch\/#website","url":"https:\/\/budget-box.ch\/","name":"Budget Box","description":"Location de garde meuble en libre acc\u00e8s. Id\u00e9alement situ\u00e9 et abordable, d\u00e8s 58 CHF\/mois","publisher":{"@id":"https:\/\/budget-box.ch\/#organization"},"potentialAction":[{"@type":"SearchAction","target":{"@type":"EntryPoint","urlTemplate":"https:\/\/budget-box.ch\/?s={search_term_string}"},"query-input":"required name=search_term_string"}],"inLanguage":"it-IT"},{"@type":"Organization","@id":"https:\/\/budget-box.ch\/#organization","name":"Budget Box","url":"https:\/\/budget-box.ch\/","logo":{"@type":"ImageObject","inLanguage":"it-IT","@id":"https:\/\/budget-box.ch\/#\/schema\/logo\/image\/","url":"https:\/\/budget-box.ch\/app\/uploads\/2024\/01\/BB_HORIZONTAL_IT.png","contentUrl":"https:\/\/budget-box.ch\/app\/uploads\/2024\/01\/BB_HORIZONTAL_IT.png","width":2107,"height":425,"caption":"Budget Box"},"image":{"@id":"https:\/\/budget-box.ch\/#\/schema\/logo\/image\/"}}]}},"_links":{"self":[{"href":"https:\/\/budget-box.ch\/it\/wp-json\/wp\/v2\/pages\/340"}],"collection":[{"href":"https:\/\/budget-box.ch\/it\/wp-json\/wp\/v2\/pages"}],"about":[{"href":"https:\/\/budget-box.ch\/it\/wp-json\/wp\/v2\/types\/page"}],"author":[{"embeddable":true,"href":"https:\/\/budget-box.ch\/it\/wp-json\/wp\/v2\/users\/1"}],"replies":[{"embeddable":true,"href":"https:\/\/budget-box.ch\/it\/wp-json\/wp\/v2\/comments?post=340"}],"version-history":[{"count":2,"href":"https:\/\/budget-box.ch\/it\/wp-json\/wp\/v2\/pages\/340\/revisions"}],"predecessor-version":[{"id":1844,"href":"https:\/\/budget-box.ch\/it\/wp-json\/wp\/v2\/pages\/340\/revisions\/1844"}],"wp:attachment":[{"href":"https:\/\/budget-box.ch\/it\/wp-json\/wp\/v2\/media?parent=340"}],"curies":[{"name":"wp","href":"https:\/\/api.w.org\/{rel}","templated":true}]}}