{"id":512,"date":"2024-01-24T17:14:20","date_gmt":"2024-01-24T17:14:20","guid":{"rendered":"https:\/\/budget-box.ch\/storage-facility-chexbres\/"},"modified":"2024-02-05T11:31:47","modified_gmt":"2024-02-05T11:31:47","slug":"storage-facility-chexbres","status":"publish","type":"page","link":"https:\/\/budget-box.ch\/en\/storage-facility-chexbres\/","title":{"rendered":"Storage facility Chexbres"},"content":{"rendered":"\n<div style=\"height:40px\" aria-hidden=\"true\" class=\"wp-block-spacer\"><\/div>\n\n\n\n<div class=\"wp-block-columns is-layout-flex wp-container-core-columns-layout-2 wp-block-columns-is-layout-flex\">\n<div class=\"wp-block-column is-layout-flow wp-block-column-is-layout-flow\">\n<div class=\"wp-block-columns global-width is-layout-flex wp-container-core-columns-layout-1 wp-block-columns-is-layout-flex\">\n<div class=\"wp-block-column is-layout-flow wp-block-column-is-layout-flow\">\n<h2 class=\"wp-block-heading\">Storage facility Chexbres<\/h2>\n\n\n\n<p>10 minutes from Chexbres via the highway !! Premises at a good price AND easy to access !<\/p>\n<\/div>\n<\/div>\n<\/div>\n<\/div>\n\n\n\n<div style=\"height:30px\" aria-hidden=\"true\" class=\"wp-block-spacer\"><\/div>\n\n\n\n<div class=\"wp-block-columns smaller-width text-media is-layout-flex wp-container-core-columns-layout-5 wp-block-columns-is-layout-flex\">\n<div class=\"wp-block-column is-layout-flow wp-block-column-is-layout-flow\">\n<div class=\"wp-block-columns is-layout-flex wp-container-core-columns-layout-4 wp-block-columns-is-layout-flex\">\n<div class=\"wp-block-column is-layout-flow wp-block-column-is-layout-flow\">\n<div class=\"wp-block-columns is-layout-flex wp-container-core-columns-layout-3 wp-block-columns-is-layout-flex\">\n<div class=\"wp-block-column is-layout-flow wp-block-column-is-layout-flow\">\n<h2 class=\"wp-block-heading\">Self-service storage 2 minutes from the Vevey motorway exit<\/h2>\n\n\n\n<p>A solution that adapts to your situation !<br>For one month or several, our rental system is very flexible and you can release your box at any time. In addition, you benefit from the best rates and services on the Riviera Vaudoise. Access is easy and free, so you can access your belongings as you wish without having to register in advance.<\/p>\n\n\n\n<div class=\"wp-block-buttons is-layout-flex wp-block-buttons-is-layout-flex\">\n<div class=\"wp-block-button\"><a class=\"wp-block-button__link has-white-color has-dark-orange-background-color has-text-color has-background has-link-color wp-element-button\" href=\"https:\/\/budget-box.ch\/en\/box-prices\/\">See our prices<\/a><\/div>\n\n\n\n<div class=\"wp-block-button\" id=\"https:\/\/www.google.fr\/maps\/place\/BudgetBox+SA,+box+%C3%A0+louer\/@46.4771105,6.8616261,408m\/data=!3m1!1e3!4m18!1m9!3m8!1s0x478e8317882266f7:0x1440f268043cec6d!2sBudgetBox+SA,+box+%C3%A0+louer!8m2!3d46.4775307!4d6.8621891!9m1!1b1!16s%2Fg%2F11gnrlcx12!3m7!1s0x478e8317882266f7:0x1440f268043cec6d!8m2!3d46.4775307!4d6.8621891!9m1!1b1!16s%2Fg%2F11gnrlcx12?entry=ttu\"><a class=\"wp-block-button__link has-white-color has-dark-orange-background-color has-text-color has-background has-link-color wp-element-button\" href=\"https:\/\/www.google.fr\/maps\/place\/BudgetBox+SA,+box+%C3%A0+louer\/@46.4771105,6.8616261,408m\/data=!3m1!1e3!4m18!1m9!3m8!1s0x478e8317882266f7:0x1440f268043cec6d!2sBudgetBox+SA,+box+%C3%A0+louer!8m2!3d46.4775307!4d6.8621891!9m1!1b1!16s%2Fg%2F11gnrlcx12!3m7!1s0x478e8317882266f7:0x1440f268043cec6d!8m2!3d46.4775307!4d6.8621891!9m1!1b1!16s%2Fg%2F11gnrlcx12?entry=ttu\" target=\"_blank\" rel=\"noreferrer noopener\">Customers&#8217; opinion<\/a><\/div>\n\n\n\n<div class=\"wp-block-button\"><a class=\"wp-block-button__link has-white-color has-dark-orange-background-color has-text-color has-background has-link-color wp-element-button\" href=\"https:\/\/budget-box.ch\/en\/contact\/\">Where to find us<\/a><\/div>\n\n\n\n<div class=\"wp-block-button\" id=\"https:\/\/budget-box.ch\/contact\/\"><a class=\"wp-block-button__link has-white-color has-dark-orange-background-color has-text-color has-background has-link-color wp-element-button\" href=\"https:\/\/budget-box.ch\/en\/contact\/\">Contact us<\/a><\/div>\n<\/div>\n<\/div>\n\n\n\n<div class=\"wp-block-column is-layout-flow wp-block-column-is-layout-flow\">\n<figure class=\"wp-block-image size-full\"><img decoding=\"async\" width=\"994\" height=\"764\" src=\"https:\/\/budget-box.ch\/app\/uploads\/2024\/01\/Capture-decran-2021-02-10-a-13.29.47-994x764-1.png\" alt=\"\" class=\"wp-image-460\" srcset=\"https:\/\/budget-box.ch\/app\/uploads\/2024\/01\/Capture-decran-2021-02-10-a-13.29.47-994x764-1.png 994w, https:\/\/budget-box.ch\/app\/uploads\/2024\/01\/Capture-decran-2021-02-10-a-13.29.47-994x764-1-300x231.png 300w, https:\/\/budget-box.ch\/app\/uploads\/2024\/01\/Capture-decran-2021-02-10-a-13.29.47-994x764-1-768x590.png 768w\" sizes=\"(max-width: 994px) 100vw, 994px\" \/><\/figure>\n<\/div>\n<\/div>\n<\/div>\n<\/div>\n\n\n\n<p><strong>Deposit \/ Box for rent in self storage Vevey \u2013 Ch\u00e2tel-st-Denis \u2013 Bulle \u2013 Chexbres \u2013 Villeneuve<\/strong><\/p>\n<\/div>\n<\/div>\n\n\n\n<div style=\"height:70px\" aria-hidden=\"true\" class=\"wp-block-spacer\"><\/div>\n","protected":false},"excerpt":{"rendered":"<p>Storage facility Chexbres 10 minutes from Chexbres via the highway !! Premises at a good price AND easy to access ! Self-service storage 2 minutes from the Vevey motorway exit A solution that adapts to your situation !For one month or several, our rental system is very flexible and you can release your box at [&hellip;]<\/p>\n","protected":false},"author":1,"featured_media":0,"parent":0,"menu_order":0,"comment_status":"closed","ping_status":"closed","template":"","meta":{"_acf_changed":false,"footnotes":""},"acf":[],"yoast_head":"<!-- This site is optimized with the Yoast SEO plugin v20.13 - https:\/\/yoast.com\/wordpress\/plugins\/seo\/ -->\n<title>Storage facility Chexbres - Budget Box<\/title>\n<meta name=\"robots\" content=\"index, follow, max-snippet:-1, max-image-preview:large, max-video-preview:-1\" \/>\n<link rel=\"canonical\" href=\"https:\/\/cli-budget-box.tilvalhall.fr\/en\/storage-facility-chexbres\/\" \/>\n<meta property=\"og:locale\" content=\"en_US\" \/>\n<meta property=\"og:type\" content=\"article\" \/>\n<meta property=\"og:title\" content=\"Storage facility Chexbres - Budget Box\" \/>\n<meta property=\"og:description\" content=\"Storage facility Chexbres 10 minutes from Chexbres via the highway !! Premises at a good price AND easy to access ! Self-service storage 2 minutes from the Vevey motorway exit A solution that adapts to your situation !For one month or several, our rental system is very flexible and you can release your box at [&hellip;]\" \/>\n<meta property=\"og:url\" content=\"https:\/\/cli-budget-box.tilvalhall.fr\/en\/storage-facility-chexbres\/\" \/>\n<meta property=\"og:site_name\" content=\"Budget Box\" \/>\n<meta property=\"article:modified_time\" content=\"2024-02-05T11:31:47+00:00\" \/>\n<meta property=\"og:image\" content=\"https:\/\/cli-budget-box.tilvalhall.fr\/app\/uploads\/2024\/01\/Capture-decran-2021-02-10-a-13.29.47-994x764-1.png\" \/>\n<meta name=\"twitter:card\" content=\"summary_large_image\" \/>\n<meta name=\"twitter:label1\" content=\"Est. reading time\" \/>\n\t<meta name=\"twitter:data1\" content=\"1 minute\" \/>\n<script type=\"application\/ld+json\" class=\"yoast-schema-graph\">{\"@context\":\"https:\/\/schema.org\",\"@graph\":[{\"@type\":\"WebPage\",\"@id\":\"https:\/\/cli-budget-box.tilvalhall.fr\/en\/storage-facility-chexbres\/\",\"url\":\"https:\/\/cli-budget-box.tilvalhall.fr\/en\/storage-facility-chexbres\/\",\"name\":\"Storage facility Chexbres - Budget Box\",\"isPartOf\":{\"@id\":\"https:\/\/budget-box.ch\/#website\"},\"datePublished\":\"2024-01-24T17:14:20+00:00\",\"dateModified\":\"2024-02-05T11:31:47+00:00\",\"breadcrumb\":{\"@id\":\"https:\/\/cli-budget-box.tilvalhall.fr\/en\/storage-facility-chexbres\/#breadcrumb\"},\"inLanguage\":\"en-US\",\"potentialAction\":[{\"@type\":\"ReadAction\",\"target\":[\"https:\/\/cli-budget-box.tilvalhall.fr\/en\/storage-facility-chexbres\/\"]}]},{\"@type\":\"BreadcrumbList\",\"@id\":\"https:\/\/cli-budget-box.tilvalhall.fr\/en\/storage-facility-chexbres\/#breadcrumb\",\"itemListElement\":[{\"@type\":\"ListItem\",\"position\":1,\"name\":\"Accueil\",\"item\":\"https:\/\/cli-budget-box.tilvalhall.fr\/en\/\"},{\"@type\":\"ListItem\",\"position\":2,\"name\":\"Storage facility Chexbres\"}]},{\"@type\":\"WebSite\",\"@id\":\"https:\/\/budget-box.ch\/#website\",\"url\":\"https:\/\/budget-box.ch\/\",\"name\":\"Budget Box\",\"description\":\"Location de garde meuble en libre acc\u00e8s. Id\u00e9alement situ\u00e9 et abordable, d\u00e8s 58 CHF\/mois\",\"publisher\":{\"@id\":\"https:\/\/budget-box.ch\/#organization\"},\"potentialAction\":[{\"@type\":\"SearchAction\",\"target\":{\"@type\":\"EntryPoint\",\"urlTemplate\":\"https:\/\/budget-box.ch\/?s={search_term_string}\"},\"query-input\":\"required name=search_term_string\"}],\"inLanguage\":\"en-US\"},{\"@type\":\"Organization\",\"@id\":\"https:\/\/budget-box.ch\/#organization\",\"name\":\"Budget Box\",\"url\":\"https:\/\/budget-box.ch\/\",\"logo\":{\"@type\":\"ImageObject\",\"inLanguage\":\"en-US\",\"@id\":\"https:\/\/budget-box.ch\/#\/schema\/logo\/image\/\",\"url\":\"https:\/\/budget-box.ch\/app\/uploads\/2024\/01\/BB_HORIZONTAL_EN.png\",\"contentUrl\":\"https:\/\/budget-box.ch\/app\/uploads\/2024\/01\/BB_HORIZONTAL_EN.png\",\"width\":2107,\"height\":425,\"caption\":\"Budget Box\"},\"image\":{\"@id\":\"https:\/\/budget-box.ch\/#\/schema\/logo\/image\/\"}}]}<\/script>\n<!-- \/ Yoast SEO plugin. -->","yoast_head_json":{"title":"Storage facility Chexbres - Budget Box","robots":{"index":"index","follow":"follow","max-snippet":"max-snippet:-1","max-image-preview":"max-image-preview:large","max-video-preview":"max-video-preview:-1"},"canonical":"https:\/\/cli-budget-box.tilvalhall.fr\/en\/storage-facility-chexbres\/","og_locale":"en_US","og_type":"article","og_title":"Storage facility Chexbres - Budget Box","og_description":"Storage facility Chexbres 10 minutes from Chexbres via the highway !! Premises at a good price AND easy to access ! Self-service storage 2 minutes from the Vevey motorway exit A solution that adapts to your situation !For one month or several, our rental system is very flexible and you can release your box at [&hellip;]","og_url":"https:\/\/cli-budget-box.tilvalhall.fr\/en\/storage-facility-chexbres\/","og_site_name":"Budget Box","article_modified_time":"2024-02-05T11:31:47+00:00","og_image":[{"url":"https:\/\/cli-budget-box.tilvalhall.fr\/app\/uploads\/2024\/01\/Capture-decran-2021-02-10-a-13.29.47-994x764-1.png"}],"twitter_card":"summary_large_image","twitter_misc":{"Est. reading time":"1 minute"},"schema":{"@context":"https:\/\/schema.org","@graph":[{"@type":"WebPage","@id":"https:\/\/cli-budget-box.tilvalhall.fr\/en\/storage-facility-chexbres\/","url":"https:\/\/cli-budget-box.tilvalhall.fr\/en\/storage-facility-chexbres\/","name":"Storage facility Chexbres - Budget Box","isPartOf":{"@id":"https:\/\/budget-box.ch\/#website"},"datePublished":"2024-01-24T17:14:20+00:00","dateModified":"2024-02-05T11:31:47+00:00","breadcrumb":{"@id":"https:\/\/cli-budget-box.tilvalhall.fr\/en\/storage-facility-chexbres\/#breadcrumb"},"inLanguage":"en-US","potentialAction":[{"@type":"ReadAction","target":["https:\/\/cli-budget-box.tilvalhall.fr\/en\/storage-facility-chexbres\/"]}]},{"@type":"BreadcrumbList","@id":"https:\/\/cli-budget-box.tilvalhall.fr\/en\/storage-facility-chexbres\/#breadcrumb","itemListElement":[{"@type":"ListItem","position":1,"name":"Accueil","item":"https:\/\/cli-budget-box.tilvalhall.fr\/en\/"},{"@type":"ListItem","position":2,"name":"Storage facility Chexbres"}]},{"@type":"WebSite","@id":"https:\/\/budget-box.ch\/#website","url":"https:\/\/budget-box.ch\/","name":"Budget Box","description":"Location de garde meuble en libre acc\u00e8s. Id\u00e9alement situ\u00e9 et abordable, d\u00e8s 58 CHF\/mois","publisher":{"@id":"https:\/\/budget-box.ch\/#organization"},"potentialAction":[{"@type":"SearchAction","target":{"@type":"EntryPoint","urlTemplate":"https:\/\/budget-box.ch\/?s={search_term_string}"},"query-input":"required name=search_term_string"}],"inLanguage":"en-US"},{"@type":"Organization","@id":"https:\/\/budget-box.ch\/#organization","name":"Budget Box","url":"https:\/\/budget-box.ch\/","logo":{"@type":"ImageObject","inLanguage":"en-US","@id":"https:\/\/budget-box.ch\/#\/schema\/logo\/image\/","url":"https:\/\/budget-box.ch\/app\/uploads\/2024\/01\/BB_HORIZONTAL_EN.png","contentUrl":"https:\/\/budget-box.ch\/app\/uploads\/2024\/01\/BB_HORIZONTAL_EN.png","width":2107,"height":425,"caption":"Budget Box"},"image":{"@id":"https:\/\/budget-box.ch\/#\/schema\/logo\/image\/"}}]}},"_links":{"self":[{"href":"https:\/\/budget-box.ch\/en\/wp-json\/wp\/v2\/pages\/512"}],"collection":[{"href":"https:\/\/budget-box.ch\/en\/wp-json\/wp\/v2\/pages"}],"about":[{"href":"https:\/\/budget-box.ch\/en\/wp-json\/wp\/v2\/types\/page"}],"author":[{"embeddable":true,"href":"https:\/\/budget-box.ch\/en\/wp-json\/wp\/v2\/users\/1"}],"replies":[{"embeddable":true,"href":"https:\/\/budget-box.ch\/en\/wp-json\/wp\/v2\/comments?post=512"}],"version-history":[{"count":3,"href":"https:\/\/budget-box.ch\/en\/wp-json\/wp\/v2\/pages\/512\/revisions"}],"predecessor-version":[{"id":619,"href":"https:\/\/budget-box.ch\/en\/wp-json\/wp\/v2\/pages\/512\/revisions\/619"}],"wp:attachment":[{"href":"https:\/\/budget-box.ch\/en\/wp-json\/wp\/v2\/media?parent=512"}],"curies":[{"name":"wp","href":"https:\/\/api.w.org\/{rel}","templated":true}]}}